{"id":13258,"date":"2026-01-25T06:13:41","date_gmt":"2026-01-25T06:13:41","guid":{"rendered":"https:\/\/retailtreasure.shop\/?post_type=product&#038;p=13258"},"modified":"2026-01-25T10:47:27","modified_gmt":"2026-01-25T10:47:27","slug":"little-green-mini-portable-carpet-upholstery-cleaner","status":"publish","type":"product","link":"https:\/\/retailtreasure.shop\/es\/producto\/little-green-mini-portable-carpet-upholstery-cleaner\/","title":{"rendered":"Mini limpiador port\u00e1til de alfombras y tapicer\u00edas Little Green"},"content":{"rendered":"<p><img loading=\"lazy\" decoding=\"async\" class=\"aligncenter\" src=\"https:\/\/teal-lobster-750471.hostingersite.com\/wp-content\/uploads\/2026\/01\/33-1-1024x576.png\" sizes=\"auto, (max-width: 1024px) 100vw, 1024px\" srcset=\"https:\/\/teal-lobster-750471.hostingersite.com\/wp-content\/uploads\/2026\/01\/33-1-1024x576.png 1024w, https:\/\/teal-lobster-750471.hostingersite.com\/wp-content\/uploads\/2026\/01\/33-1-300x169.png 300w, https:\/\/teal-lobster-750471.hostingersite.com\/wp-content\/uploads\/2026\/01\/33-1-768x432.png 768w, https:\/\/teal-lobster-750471.hostingersite.com\/wp-content\/uploads\/2026\/01\/33-1-1536x864.png 1536w, https:\/\/teal-lobster-750471.hostingersite.com\/wp-content\/uploads\/2026\/01\/33-1-2048x1152.png 2048w, https:\/\/teal-lobster-750471.hostingersite.com\/wp-content\/uploads\/2026\/01\/33-1-18x10.png 18w, https:\/\/teal-lobster-750471.hostingersite.com\/wp-content\/uploads\/2026\/01\/33-1-600x337.png 600w, https:\/\/teal-lobster-750471.hostingersite.com\/wp-content\/uploads\/2026\/01\/33-1-1x1.png 1w, https:\/\/teal-lobster-750471.hostingersite.com\/wp-content\/uploads\/2026\/01\/33-1-10x6.png 10w\" alt=\"\" width=\"1024\" height=\"576\" \/><br \/>\n<img loading=\"lazy\" decoding=\"async\" class=\"aligncenter\" src=\"https:\/\/teal-lobster-750471.hostingersite.com\/wp-content\/uploads\/2026\/01\/22-1-1024x576.png\" sizes=\"auto, (max-width: 1024px) 100vw, 1024px\" srcset=\"https:\/\/teal-lobster-750471.hostingersite.com\/wp-content\/uploads\/2026\/01\/22-1-1024x576.png 1024w, https:\/\/teal-lobster-750471.hostingersite.com\/wp-content\/uploads\/2026\/01\/22-1-300x169.png 300w, https:\/\/teal-lobster-750471.hostingersite.com\/wp-content\/uploads\/2026\/01\/22-1-768x432.png 768w, https:\/\/teal-lobster-750471.hostingersite.com\/wp-content\/uploads\/2026\/01\/22-1-1536x864.png 1536w, https:\/\/teal-lobster-750471.hostingersite.com\/wp-content\/uploads\/2026\/01\/22-1-2048x1152.png 2048w, https:\/\/teal-lobster-750471.hostingersite.com\/wp-content\/uploads\/2026\/01\/22-1-18x10.png 18w, https:\/\/teal-lobster-750471.hostingersite.com\/wp-content\/uploads\/2026\/01\/22-1-600x337.png 600w, https:\/\/teal-lobster-750471.hostingersite.com\/wp-content\/uploads\/2026\/01\/22-1-1x1.png 1w, https:\/\/teal-lobster-750471.hostingersite.com\/wp-content\/uploads\/2026\/01\/22-1-10x6.png 10w\" alt=\"\" width=\"1024\" height=\"576\" \/><br \/>\n<img loading=\"lazy\" decoding=\"async\" class=\"aligncenter\" src=\"https:\/\/teal-lobster-750471.hostingersite.com\/wp-content\/uploads\/2026\/01\/11-1-1024x576.png\" sizes=\"auto, (max-width: 1024px) 100vw, 1024px\" srcset=\"https:\/\/teal-lobster-750471.hostingersite.com\/wp-content\/uploads\/2026\/01\/11-1-1024x576.png 1024w, https:\/\/teal-lobster-750471.hostingersite.com\/wp-content\/uploads\/2026\/01\/11-1-300x169.png 300w, https:\/\/teal-lobster-750471.hostingersite.com\/wp-content\/uploads\/2026\/01\/11-1-768x432.png 768w, https:\/\/teal-lobster-750471.hostingersite.com\/wp-content\/uploads\/2026\/01\/11-1-1536x864.png 1536w, https:\/\/teal-lobster-750471.hostingersite.com\/wp-content\/uploads\/2026\/01\/11-1-2048x1152.png 2048w, https:\/\/teal-lobster-750471.hostingersite.com\/wp-content\/uploads\/2026\/01\/11-1-18x10.png 18w, https:\/\/teal-lobster-750471.hostingersite.com\/wp-content\/uploads\/2026\/01\/11-1-600x337.png 600w, https:\/\/teal-lobster-750471.hostingersite.com\/wp-content\/uploads\/2026\/01\/11-1-1x1.png 1w, https:\/\/teal-lobster-750471.hostingersite.com\/wp-content\/uploads\/2026\/01\/11-1-10x6.png 10w\" alt=\"\" width=\"1024\" height=\"576\" \/><\/p>\n<ul>\n<li>Dise\u00f1o miniaturizado, construcci\u00f3n ultramoderna: la mejor forma de conseguirlo, m\u00e1s f\u00e1cil y r\u00e1pido.<\/li>\n<li>Uniwersalne zastosowanie - idealny do czyszczenia dywan\u00f3w, tapicerki meblowej, poduszek, tapet i ma\u0142ych przestrzeni<\/li>\n<li>Silne ssanie w kompaktowym ciele - skutecznie usuwaj\u0105 kurz, w\u0142osy zwierz\u0105t, resztki jedzenia i drobne zanieczyszczenia<\/li>\n<li>Conector USB de alta velocidad - para conectar a un ordenador, port\u00e1til o powerbank, o a una toma de corriente.<\/li>\n<li>D\u0142uga \u017cywotno\u015b\u0107 baterii - pe\u0142ne \u0142adowanie wystarcza na d\u0142ugie sesje czyszczenia ca\u0142ego domu<\/li>\n<\/ul>","protected":false},"excerpt":{"rendered":"<p>Miniaturyzowany design, ultralekki konstrukcja \u2013 wygodne obs\u0142ugiwanie jedn\u0105 r\u0119k\u0105, brak obci\u0105\u017cenia podczas czyszczenia Uniwersalne zastosowanie \u2013 idealny do czyszczenia dywan\u00f3w,&#8230;<\/p>","protected":false},"featured_media":13267,"comment_status":"open","ping_status":"closed","template":"","meta":{"_acf_changed":false},"etheme_brands":[],"product_brand":[],"product_cat":[118],"product_tag":[],"class_list":{"0":"post-13258","1":"product","2":"type-product","3":"status-publish","4":"has-post-thumbnail","6":"product_cat-sale-shop","8":"first","9":"instock","10":"sale","11":"shipping-taxable","12":"purchasable","13":"product-type-simple"},"acf":[],"_links":{"self":[{"href":"https:\/\/retailtreasure.shop\/es\/wp-json\/wp\/v2\/product\/13258","targetHints":{"allow":["GET"]}}],"collection":[{"href":"https:\/\/retailtreasure.shop\/es\/wp-json\/wp\/v2\/product"}],"about":[{"href":"https:\/\/retailtreasure.shop\/es\/wp-json\/wp\/v2\/types\/product"}],"replies":[{"embeddable":true,"href":"https:\/\/retailtreasure.shop\/es\/wp-json\/wp\/v2\/comments?post=13258"}],"version-history":[{"count":2,"href":"https:\/\/retailtreasure.shop\/es\/wp-json\/wp\/v2\/product\/13258\/revisions"}],"predecessor-version":[{"id":13266,"href":"https:\/\/retailtreasure.shop\/es\/wp-json\/wp\/v2\/product\/13258\/revisions\/13266"}],"wp:featuredmedia":[{"embeddable":true,"href":"https:\/\/retailtreasure.shop\/es\/wp-json\/wp\/v2\/media\/13267"}],"wp:attachment":[{"href":"https:\/\/retailtreasure.shop\/es\/wp-json\/wp\/v2\/media?parent=13258"}],"wp:term":[{"taxonomy":"brand","embeddable":true,"href":"https:\/\/retailtreasure.shop\/es\/wp-json\/wp\/v2\/etheme_brands?post=13258"},{"taxonomy":"product_brand","embeddable":true,"href":"https:\/\/retailtreasure.shop\/es\/wp-json\/wp\/v2\/product_brand?post=13258"},{"taxonomy":"product_cat","embeddable":true,"href":"https:\/\/retailtreasure.shop\/es\/wp-json\/wp\/v2\/product_cat?post=13258"},{"taxonomy":"product_tag","embeddable":true,"href":"https:\/\/retailtreasure.shop\/es\/wp-json\/wp\/v2\/product_tag?post=13258"}],"curies":[{"name":"wp","href":"https:\/\/api.w.org\/{rel}","templated":true}]}}