{"id":13779,"date":"2026-04-03T04:26:30","date_gmt":"2026-04-03T04:26:30","guid":{"rendered":"https:\/\/retailtreasure.shop\/?post_type=product&#038;p=13779"},"modified":"2026-04-03T05:39:47","modified_gmt":"2026-04-03T05:39:47","slug":"consola-de-videojuegos-retro-con-2-controles-inalambricos-40000-juegos-integrados-20-emuladores-plug-and-play-regalo-perfecto-para-fiestas","status":"publish","type":"product","link":"https:\/\/retailtreasure.shop\/es\/producto\/consola-de-videojuegos-retro-con-2-controles-inalambricos-40000-juegos-integrados-20-emuladores-plug-and-play-regalo-perfecto-para-fiestas\/","title":{"rendered":"Consola de Videojuegos Retro con 2 Controles Inal\u00e1mbricos, 40000+ Juegos Integrados, 20+ Emuladores, Plug and Play, Regalo Perfecto para Fiestas"},"content":{"rendered":"<div data-elementor-type=\"product-post\" data-elementor-id=\"13779\" class=\"elementor elementor-13779\" data-elementor-post-type=\"product\">\n\t\t\t\t<div class=\"elementor-element elementor-element-496a89bf e-flex e-con-boxed e-con e-parent\" data-id=\"496a89bf\" data-element_type=\"container\" data-settings=\"{&quot;ekit_has_onepagescroll_dot&quot;:&quot;yes&quot;}\">\n\t\t\t\t\t<div class=\"e-con-inner\">\n\t\t<div class=\"elementor-element elementor-element-5c61f9b1 e-grid e-con-full e-con e-child\" data-id=\"5c61f9b1\" data-element_type=\"container\" data-settings=\"{&quot;ekit_has_onepagescroll_dot&quot;:&quot;yes&quot;}\">\n\t\t\t\t<div class=\"elementor-element elementor-element-221e81b elementor-widget elementor-widget-video\" data-id=\"221e81b\" data-element_type=\"widget\" data-settings=\"{&quot;video_type&quot;:&quot;hosted&quot;,&quot;controls&quot;:&quot;yes&quot;,&quot;ekit_we_effect_on&quot;:&quot;none&quot;}\" data-widget_type=\"video.default\">\n\t\t\t\t<div class=\"elementor-widget-container\">\n\t\t\t\t\t\t\t<div class=\"e-hosted-video elementor-wrapper elementor-open-inline\">\n\t\t\t\t\t<video class=\"elementor-video\" src=\"https:\/\/retailtreasure.shop\/wp-content\/uploads\/2026\/04\/video_2026-03-23_17-37-15-1.mp4\" controls=\"\" preload=\"metadata\" controlslist=\"nodownload\"><\/video>\n\t\t\t\t<\/div>\n\t\t\t\t\t\t<\/div>\n\t\t\t\t<\/div>\n\t\t\t\t<div class=\"elementor-element elementor-element-7c24dc70 elementor-widget elementor-widget-text-editor\" data-id=\"7c24dc70\" data-element_type=\"widget\" data-settings=\"{&quot;ekit_we_effect_on&quot;:&quot;none&quot;}\" data-widget_type=\"text-editor.default\">\n\t\t\t\t<div class=\"elementor-widget-container\">\n\t\t\t\t\t\t\t\t\t<div class=\"elementor-widget-container\">\n    Especificaciones\n\n<div class=\"product-table\">\n  <div class=\"product-row\">\n    <div class=\"product-label\"><strong>Bater\u00eda incluida<\/strong><\/div>\n    <div class=\"product-value\"><strong>No<\/strong><\/div>\n  <\/div>\n  <div class=\"product-row\">\n    <div class=\"product-label\"><strong>Sustancias qu\u00edmicas muy preocupantes<\/strong><\/div>\n    <div class=\"product-value\"><strong>Ninguno<\/strong><\/div>\n  <\/div>\n  <div class=\"product-row\">\n    <div class=\"product-label\"><strong>Mando de videojuegos incluido<\/strong><\/div>\n    <div class=\"product-value\"><strong>S\u00ed<\/strong><\/div>\n  <\/div>\n  <div class=\"product-row\">\n    <div class=\"product-label\"><strong>Tipo de dispositivos<\/strong><\/div>\n    <div class=\"product-value\"><strong>Otros<\/strong><\/div>\n  <\/div>\n  <div class=\"product-row\">\n    <div class=\"product-label\"><strong>Compatible con Bluetooth<\/strong><\/div>\n    <div class=\"product-value\"><strong>No<\/strong><\/div>\n  <\/div>\n  <div class=\"product-row\">\n    <div class=\"product-label\"><strong>Juegos incluidos<\/strong><\/div>\n    <div class=\"product-value\"><strong>20000<\/strong><\/div>\n  <\/div>\n<\/div>\n\n<style>\n.product-table {\n  width: 100%;\n  border-top: 1px solid #000;\n  font-family: Arial, sans-serif;\n}\n\n.product-row {\n  display: flex;\n  border-bottom: 1px solid #000;\n  padding: 12px 0;\n}\n\n.product-label {\n  flex: 1;\n  font-weight: bold;\n  min-width: 200px;\n  padding-right: 20px;\n}\n\n.product-value {\n  flex: 1;\n  min-width: 200px;\n}\n<\/style>\n<\/div>\t\t\t\t\t\t\t\t<\/div>\n\t\t\t\t<\/div>\n\t\t\t\t<\/div>\n\t\t\t\t\t<\/div>\n\t\t\t\t<\/div>\n\t\t<div class=\"elementor-element elementor-element-2bbcfed6 e-flex e-con-boxed e-con e-parent\" data-id=\"2bbcfed6\" data-element_type=\"container\" data-settings=\"{&quot;ekit_has_onepagescroll_dot&quot;:&quot;yes&quot;}\">\n\t\t\t\t\t<div class=\"e-con-inner\">\n\t\t\t\t<div class=\"elementor-element elementor-element-49e91103 elementor--h-position-center elementor--v-position-middle elementor-arrows-position-inside elementor-pagination-position-inside elementor-widget elementor-widget-slides\" data-id=\"49e91103\" data-element_type=\"widget\" data-settings=\"{&quot;navigation&quot;:&quot;both&quot;,&quot;autoplay&quot;:&quot;yes&quot;,&quot;pause_on_hover&quot;:&quot;yes&quot;,&quot;pause_on_interaction&quot;:&quot;yes&quot;,&quot;autoplay_speed&quot;:5000,&quot;infinite&quot;:&quot;yes&quot;,&quot;transition&quot;:&quot;slide&quot;,&quot;transition_speed&quot;:500,&quot;ekit_we_effect_on&quot;:&quot;none&quot;}\" data-widget_type=\"slides.default\">\n\t\t\t\t<div class=\"elementor-widget-container\">\n\t\t\t\t\t\t\t\t\t<div class=\"elementor-swiper\">\r\n\t\t\t\t\t<div class=\"elementor-slides-wrapper elementor-main-swiper swiper\" role=\"region\" aria-roledescription=\"carousel\" aria-label=\"Diapositivas\" dir=\"ltr\" data-animation=\"fadeInUp\">\r\n\t\t\t\t<div class=\"swiper-wrapper elementor-slides\">\r\n\t\t\t\t\t\t\t\t\t\t<div class=\"elementor-repeater-item-83bd339 swiper-slide\" role=\"group\" aria-roledescription=\"slide\"><div class=\"swiper-slide-bg\" role=\"img\" aria-label=\"83196f26-b350-40cc-bbe6-111ba9c360ad.__CR001464600_PT0_SX1464_V1___.png\"><\/div><div class=\"swiper-slide-inner\" ><div class=\"swiper-slide-contents\"><\/div><\/div><\/div><div class=\"elementor-repeater-item-5c5a2fa swiper-slide\" role=\"group\" aria-roledescription=\"slide\"><div class=\"swiper-slide-bg\" role=\"img\" aria-label=\"1d9f22ec-5636-483d-b8ff-358dc16fd9df.__CR001464600_PT0_SX1464_V1___-1.jpg\"><\/div><div class=\"swiper-slide-inner\" ><div class=\"swiper-slide-contents\"><\/div><\/div><\/div><div class=\"elementor-repeater-item-4ed4fd0 swiper-slide\" role=\"group\" aria-roledescription=\"slide\"><div class=\"swiper-slide-bg\" role=\"img\" aria-label=\"8b81995e-bd0c-4567-adfd-682a1ad74c0d.__CR001464600_PT0_SX1464_V1___-1.png\"><\/div><div class=\"swiper-slide-inner\" ><div class=\"swiper-slide-contents\"><\/div><\/div><\/div>\t\t\t\t<\/div>\r\n\t\t\t\t\t\t\t\t\t\t\t\t\t\t\t<div class=\"elementor-swiper-button elementor-swiper-button-prev\" role=\"button\" tabindex=\"0\" aria-label=\"Diapositiva anterior\">\r\n\t\t\t\t\t\t\t<svg aria-hidden=\"true\" class=\"e-font-icon-svg e-eicon-chevron-left\" viewbox=\"0 0 1000 1000\" xmlns=\"http:\/\/www.w3.org\/2000\/svg\"><path d=\"M646 125C629 125 613 133 604 142L308 442C296 454 292 471 292 487 292 504 296 521 308 533L604 854C617 867 629 875 646 875 663 875 679 871 692 858 704 846 713 829 713 812 713 796 708 779 692 767L438 487 692 225C700 217 708 204 708 187 708 171 704 154 692 142 675 129 663 125 646 125Z\"><\/path><\/svg>\t\t\t\t\t\t<\/div>\r\n\t\t\t\t\t\t<div class=\"elementor-swiper-button elementor-swiper-button-next\" role=\"button\" tabindex=\"0\" aria-label=\"Siguiente diapositiva\">\r\n\t\t\t\t\t\t\t<svg aria-hidden=\"true\" class=\"e-font-icon-svg e-eicon-chevron-right\" viewbox=\"0 0 1000 1000\" xmlns=\"http:\/\/www.w3.org\/2000\/svg\"><path d=\"M696 533C708 521 713 504 713 487 713 471 708 454 696 446L400 146C388 133 375 125 354 125 338 125 325 129 313 142 300 154 292 171 292 187 292 204 296 221 308 233L563 492 304 771C292 783 288 800 288 817 288 833 296 850 308 863 321 871 338 875 354 875 371 875 388 867 400 854L696 533Z\"><\/path><\/svg>\t\t\t\t\t\t<\/div>\r\n\t\t\t\t\t\t\t\t\t\t\t\t\t\t\t\t<div class=\"swiper-pagination\"><\/div>\r\n\t\t\t\t\t\t\t\t\t\t\t\t<\/div>\r\n\t\t\t\t<\/div>\r\n\t\t\t\t\t\t\t\t<\/div>\n\t\t\t\t<\/div>\n\t\t\t\t\t<\/div>\n\t\t\t\t<\/div>\n\t\t<div class=\"elementor-element elementor-element-7c83eb4f e-flex e-con-boxed e-con e-parent\" data-id=\"7c83eb4f\" data-element_type=\"container\" data-settings=\"{&quot;ekit_has_onepagescroll_dot&quot;:&quot;yes&quot;}\">\n\t\t\t\t\t<div class=\"e-con-inner\">\n\t\t\t\t<div class=\"elementor-element elementor-element-5e9bbb73 elementor-widget elementor-widget-image\" data-id=\"5e9bbb73\" data-element_type=\"widget\" data-settings=\"{&quot;ekit_we_effect_on&quot;:&quot;none&quot;}\" data-widget_type=\"image.default\">\n\t\t\t\t<div class=\"elementor-widget-container\">\n\t\t\t\t\t\t\t\t\t\t\t\t\t\t\t<img loading=\"lazy\" decoding=\"async\" width=\"1464\" height=\"600\" src=\"https:\/\/retailtreasure.shop\/wp-content\/uploads\/2026\/04\/f8b40186-9860-4c29-9189-14c72aa342da.__CR001464600_PT0_SX1464_V1___.png\" class=\"attachment-full size-full wp-image-13794 wvs-archive-product-image\" alt=\"\" srcset=\"https:\/\/retailtreasure.shop\/wp-content\/uploads\/2026\/04\/f8b40186-9860-4c29-9189-14c72aa342da.__CR001464600_PT0_SX1464_V1___.png 1464w, https:\/\/retailtreasure.shop\/wp-content\/uploads\/2026\/04\/f8b40186-9860-4c29-9189-14c72aa342da.__CR001464600_PT0_SX1464_V1___-300x123.png 300w, https:\/\/retailtreasure.shop\/wp-content\/uploads\/2026\/04\/f8b40186-9860-4c29-9189-14c72aa342da.__CR001464600_PT0_SX1464_V1___-1024x420.png 1024w, https:\/\/retailtreasure.shop\/wp-content\/uploads\/2026\/04\/f8b40186-9860-4c29-9189-14c72aa342da.__CR001464600_PT0_SX1464_V1___-768x315.png 768w, https:\/\/retailtreasure.shop\/wp-content\/uploads\/2026\/04\/f8b40186-9860-4c29-9189-14c72aa342da.__CR001464600_PT0_SX1464_V1___-18x7.png 18w, https:\/\/retailtreasure.shop\/wp-content\/uploads\/2026\/04\/f8b40186-9860-4c29-9189-14c72aa342da.__CR001464600_PT0_SX1464_V1___-600x246.png 600w, https:\/\/retailtreasure.shop\/wp-content\/uploads\/2026\/04\/f8b40186-9860-4c29-9189-14c72aa342da.__CR001464600_PT0_SX1464_V1___-1x1.png 1w, https:\/\/retailtreasure.shop\/wp-content\/uploads\/2026\/04\/f8b40186-9860-4c29-9189-14c72aa342da.__CR001464600_PT0_SX1464_V1___-10x4.png 10w\" sizes=\"auto, (max-width: 1464px) 100vw, 1464px\" \/>\t\t\t\t\t\t\t\t\t\t\t\t\t\t\t<\/div>\n\t\t\t\t<\/div>\n\t\t\t\t<div class=\"elementor-element elementor-element-99272ef elementor-widget elementor-widget-heading\" data-id=\"99272ef\" data-element_type=\"widget\" data-settings=\"{&quot;ekit_we_effect_on&quot;:&quot;none&quot;}\" data-widget_type=\"heading.default\">\n\t\t\t\t<div class=\"elementor-widget-container\">\n\t\t\t\t\t<h2 class=\"elementor-heading-title elementor-size-default\">M\u00e1s de 40.000 juegos cl\u00e1sicos preinstalados<\/h2>\t\t\t\t<\/div>\n\t\t\t\t<\/div>\n\t\t\t\t<div class=\"elementor-element elementor-element-281de0c2 elementor-widget elementor-widget-text-editor\" data-id=\"281de0c2\" data-element_type=\"widget\" data-settings=\"{&quot;ekit_we_effect_on&quot;:&quot;none&quot;}\" data-widget_type=\"text-editor.default\">\n\t\t\t\t<div class=\"elementor-widget-container\">\n\t\t\t\t\t\t\t\t\t<p>Desde la era de 8 bits hasta los primeros 3D, pasando por arcade y consolas emblem\u00e1ticas. Todo listo para jugar sin necesidad de internet, descargas ni suscripciones.Ya no necesitas comprar controles adicionales. Con los dos mandos incluidos, puedes revivir los juegos cl\u00e1sicos de manera cooperativa o competitiva tal como en los viejos tiempos.<\/p>\t\t\t\t\t\t\t\t<\/div>\n\t\t\t\t<\/div>\n\t\t\t\t<div class=\"elementor-element elementor-element-206d836b elementor-widget elementor-widget-image\" data-id=\"206d836b\" data-element_type=\"widget\" data-settings=\"{&quot;ekit_we_effect_on&quot;:&quot;none&quot;}\" data-widget_type=\"image.default\">\n\t\t\t\t<div class=\"elementor-widget-container\">\n\t\t\t\t\t\t\t\t\t\t\t\t\t\t\t<img loading=\"lazy\" decoding=\"async\" width=\"1464\" height=\"600\" src=\"https:\/\/retailtreasure.shop\/wp-content\/uploads\/2026\/04\/d7b21737-d937-45c5-b50c-ea5fd24c82d9.__CR001464600_PT0_SX1464_V1___-1.png\" class=\"attachment-full size-full wp-image-13795 wvs-archive-product-image\" alt=\"\" srcset=\"https:\/\/retailtreasure.shop\/wp-content\/uploads\/2026\/04\/d7b21737-d937-45c5-b50c-ea5fd24c82d9.__CR001464600_PT0_SX1464_V1___-1.png 1464w, https:\/\/retailtreasure.shop\/wp-content\/uploads\/2026\/04\/d7b21737-d937-45c5-b50c-ea5fd24c82d9.__CR001464600_PT0_SX1464_V1___-1-300x123.png 300w, https:\/\/retailtreasure.shop\/wp-content\/uploads\/2026\/04\/d7b21737-d937-45c5-b50c-ea5fd24c82d9.__CR001464600_PT0_SX1464_V1___-1-1024x420.png 1024w, https:\/\/retailtreasure.shop\/wp-content\/uploads\/2026\/04\/d7b21737-d937-45c5-b50c-ea5fd24c82d9.__CR001464600_PT0_SX1464_V1___-1-768x315.png 768w, https:\/\/retailtreasure.shop\/wp-content\/uploads\/2026\/04\/d7b21737-d937-45c5-b50c-ea5fd24c82d9.__CR001464600_PT0_SX1464_V1___-1-18x7.png 18w, https:\/\/retailtreasure.shop\/wp-content\/uploads\/2026\/04\/d7b21737-d937-45c5-b50c-ea5fd24c82d9.__CR001464600_PT0_SX1464_V1___-1-600x246.png 600w, https:\/\/retailtreasure.shop\/wp-content\/uploads\/2026\/04\/d7b21737-d937-45c5-b50c-ea5fd24c82d9.__CR001464600_PT0_SX1464_V1___-1-1x1.png 1w, https:\/\/retailtreasure.shop\/wp-content\/uploads\/2026\/04\/d7b21737-d937-45c5-b50c-ea5fd24c82d9.__CR001464600_PT0_SX1464_V1___-1-10x4.png 10w\" sizes=\"auto, (max-width: 1464px) 100vw, 1464px\" \/>\t\t\t\t\t\t\t\t\t\t\t\t\t\t\t<\/div>\n\t\t\t\t<\/div>\n\t\t\t\t<div class=\"elementor-element elementor-element-4f9e0ed3 elementor-widget elementor-widget-heading\" data-id=\"4f9e0ed3\" data-element_type=\"widget\" data-settings=\"{&quot;ekit_we_effect_on&quot;:&quot;none&quot;}\" data-widget_type=\"heading.default\">\n\t\t\t\t<div class=\"elementor-widget-container\">\n\t\t\t\t\t<h2 class=\"elementor-heading-title elementor-size-default\">Calidad moderna, esencia retro<\/h2>\t\t\t\t<\/div>\n\t\t\t\t<\/div>\n\t\t\t\t<div class=\"elementor-element elementor-element-2ba77859 elementor-widget elementor-widget-text-editor\" data-id=\"2ba77859\" data-element_type=\"widget\" data-settings=\"{&quot;ekit_we_effect_on&quot;:&quot;none&quot;}\" data-widget_type=\"text-editor.default\">\n\t\t\t\t<div class=\"elementor-widget-container\">\n\t\t\t\t\t\t\t\t\t<p>Lorem ipsum dolor sit amet, consectetur adipiscing elit. Ut elit tellus, luctus nec ullamcorper mattis, pulvinar dapibus leo.Salida\u00a0<strong>4K HDMI<\/strong>\u00a0with fluid image in\u00a0<strong>1080p<\/strong>. Conecta tu televisor, monitor o proyector y disfruta de gr\u00e1ficos n\u00edtidos y colores vibrantes sin perder la esencia cl\u00e1sica. Con los dos mandos incluidos, puedes revivir los juegos cl\u00e1sicos de manera cooperativa o competitiva tal como en los viejos tiempos.<\/p>\t\t\t\t\t\t\t\t<\/div>\n\t\t\t\t<\/div>\n\t\t\t\t\t<\/div>\n\t\t\t\t<\/div>\n\t\t<div class=\"elementor-element elementor-element-18a951ef e-flex e-con-boxed e-con e-parent\" data-id=\"18a951ef\" data-element_type=\"container\" data-settings=\"{&quot;ekit_has_onepagescroll_dot&quot;:&quot;yes&quot;}\">\n\t\t\t\t\t<div class=\"e-con-inner\">\n\t\t\t\t<div class=\"elementor-element elementor-element-5409639e elementor-widget elementor-widget-image\" data-id=\"5409639e\" data-element_type=\"widget\" data-settings=\"{&quot;ekit_we_effect_on&quot;:&quot;none&quot;}\" data-widget_type=\"image.default\">\n\t\t\t\t<div class=\"elementor-widget-container\">\n\t\t\t\t\t\t\t\t\t\t\t\t\t\t\t<img loading=\"lazy\" decoding=\"async\" width=\"970\" height=\"600\" src=\"https:\/\/retailtreasure.shop\/wp-content\/uploads\/2026\/04\/78831868-2d43-4dbc-a9ca-6c49e971dcf7.__CR00970600_PT0_SX970_V1___-1.jpg\" class=\"attachment-full size-full wp-image-13796 wvs-archive-product-image\" alt=\"\" srcset=\"https:\/\/retailtreasure.shop\/wp-content\/uploads\/2026\/04\/78831868-2d43-4dbc-a9ca-6c49e971dcf7.__CR00970600_PT0_SX970_V1___-1.jpg 970w, https:\/\/retailtreasure.shop\/wp-content\/uploads\/2026\/04\/78831868-2d43-4dbc-a9ca-6c49e971dcf7.__CR00970600_PT0_SX970_V1___-1-300x186.jpg 300w, https:\/\/retailtreasure.shop\/wp-content\/uploads\/2026\/04\/78831868-2d43-4dbc-a9ca-6c49e971dcf7.__CR00970600_PT0_SX970_V1___-1-768x475.jpg 768w, https:\/\/retailtreasure.shop\/wp-content\/uploads\/2026\/04\/78831868-2d43-4dbc-a9ca-6c49e971dcf7.__CR00970600_PT0_SX970_V1___-1-18x12.jpg 18w, https:\/\/retailtreasure.shop\/wp-content\/uploads\/2026\/04\/78831868-2d43-4dbc-a9ca-6c49e971dcf7.__CR00970600_PT0_SX970_V1___-1-600x371.jpg 600w, https:\/\/retailtreasure.shop\/wp-content\/uploads\/2026\/04\/78831868-2d43-4dbc-a9ca-6c49e971dcf7.__CR00970600_PT0_SX970_V1___-1-1x1.jpg 1w, https:\/\/retailtreasure.shop\/wp-content\/uploads\/2026\/04\/78831868-2d43-4dbc-a9ca-6c49e971dcf7.__CR00970600_PT0_SX970_V1___-1-10x6.jpg 10w\" sizes=\"auto, (max-width: 970px) 100vw, 970px\" \/>\t\t\t\t\t\t\t\t\t\t\t\t\t\t\t<\/div>\n\t\t\t\t<\/div>\n\t\t\t\t<div class=\"elementor-element elementor-element-3ee09700 elementor-widget elementor-widget-image\" data-id=\"3ee09700\" data-element_type=\"widget\" data-settings=\"{&quot;ekit_we_effect_on&quot;:&quot;none&quot;}\" data-widget_type=\"image.default\">\n\t\t\t\t<div class=\"elementor-widget-container\">\n\t\t\t\t\t\t\t\t\t\t\t\t\t\t\t<img loading=\"lazy\" decoding=\"async\" width=\"970\" height=\"600\" src=\"https:\/\/retailtreasure.shop\/wp-content\/uploads\/2026\/04\/864d2dfe-2556-4abe-8673-9344a243ca24.__CR00970600_PT0_SX970_V1___-1.jpg\" class=\"attachment-full size-full wp-image-13797 wvs-archive-product-image\" alt=\"\" srcset=\"https:\/\/retailtreasure.shop\/wp-content\/uploads\/2026\/04\/864d2dfe-2556-4abe-8673-9344a243ca24.__CR00970600_PT0_SX970_V1___-1.jpg 970w, https:\/\/retailtreasure.shop\/wp-content\/uploads\/2026\/04\/864d2dfe-2556-4abe-8673-9344a243ca24.__CR00970600_PT0_SX970_V1___-1-300x186.jpg 300w, https:\/\/retailtreasure.shop\/wp-content\/uploads\/2026\/04\/864d2dfe-2556-4abe-8673-9344a243ca24.__CR00970600_PT0_SX970_V1___-1-768x475.jpg 768w, https:\/\/retailtreasure.shop\/wp-content\/uploads\/2026\/04\/864d2dfe-2556-4abe-8673-9344a243ca24.__CR00970600_PT0_SX970_V1___-1-18x12.jpg 18w, https:\/\/retailtreasure.shop\/wp-content\/uploads\/2026\/04\/864d2dfe-2556-4abe-8673-9344a243ca24.__CR00970600_PT0_SX970_V1___-1-600x371.jpg 600w, https:\/\/retailtreasure.shop\/wp-content\/uploads\/2026\/04\/864d2dfe-2556-4abe-8673-9344a243ca24.__CR00970600_PT0_SX970_V1___-1-1x1.jpg 1w, https:\/\/retailtreasure.shop\/wp-content\/uploads\/2026\/04\/864d2dfe-2556-4abe-8673-9344a243ca24.__CR00970600_PT0_SX970_V1___-1-10x6.jpg 10w\" sizes=\"auto, (max-width: 970px) 100vw, 970px\" \/>\t\t\t\t\t\t\t\t\t\t\t\t\t\t\t<\/div>\n\t\t\t\t<\/div>\n\t\t\t\t<div class=\"elementor-element elementor-element-56a436da elementor-widget elementor-widget-image\" data-id=\"56a436da\" data-element_type=\"widget\" data-settings=\"{&quot;ekit_we_effect_on&quot;:&quot;none&quot;}\" data-widget_type=\"image.default\">\n\t\t\t\t<div class=\"elementor-widget-container\">\n\t\t\t\t\t\t\t\t\t\t\t\t\t\t\t<img loading=\"lazy\" decoding=\"async\" width=\"970\" height=\"600\" src=\"https:\/\/retailtreasure.shop\/wp-content\/uploads\/2026\/04\/21ecd7aa-d834-4d8c-b79e-2b97e937df31.__CR00970600_PT0_SX970_V1___.jpg\" class=\"attachment-full size-full wp-image-13798 wvs-archive-product-image\" alt=\"\" srcset=\"https:\/\/retailtreasure.shop\/wp-content\/uploads\/2026\/04\/21ecd7aa-d834-4d8c-b79e-2b97e937df31.__CR00970600_PT0_SX970_V1___.jpg 970w, https:\/\/retailtreasure.shop\/wp-content\/uploads\/2026\/04\/21ecd7aa-d834-4d8c-b79e-2b97e937df31.__CR00970600_PT0_SX970_V1___-300x186.jpg 300w, https:\/\/retailtreasure.shop\/wp-content\/uploads\/2026\/04\/21ecd7aa-d834-4d8c-b79e-2b97e937df31.__CR00970600_PT0_SX970_V1___-768x475.jpg 768w, https:\/\/retailtreasure.shop\/wp-content\/uploads\/2026\/04\/21ecd7aa-d834-4d8c-b79e-2b97e937df31.__CR00970600_PT0_SX970_V1___-18x12.jpg 18w, https:\/\/retailtreasure.shop\/wp-content\/uploads\/2026\/04\/21ecd7aa-d834-4d8c-b79e-2b97e937df31.__CR00970600_PT0_SX970_V1___-600x371.jpg 600w, https:\/\/retailtreasure.shop\/wp-content\/uploads\/2026\/04\/21ecd7aa-d834-4d8c-b79e-2b97e937df31.__CR00970600_PT0_SX970_V1___-1x1.jpg 1w, https:\/\/retailtreasure.shop\/wp-content\/uploads\/2026\/04\/21ecd7aa-d834-4d8c-b79e-2b97e937df31.__CR00970600_PT0_SX970_V1___-10x6.jpg 10w\" sizes=\"auto, (max-width: 970px) 100vw, 970px\" \/>\t\t\t\t\t\t\t\t\t\t\t\t\t\t\t<\/div>\n\t\t\t\t<\/div>\n\t\t\t\t<div class=\"elementor-element elementor-element-7d080021 elementor-widget elementor-widget-image\" data-id=\"7d080021\" data-element_type=\"widget\" data-settings=\"{&quot;ekit_we_effect_on&quot;:&quot;none&quot;}\" data-widget_type=\"image.default\">\n\t\t\t\t<div class=\"elementor-widget-container\">\n\t\t\t\t\t\t\t\t\t\t\t\t\t\t\t<img loading=\"lazy\" decoding=\"async\" width=\"970\" height=\"600\" src=\"https:\/\/retailtreasure.shop\/wp-content\/uploads\/2026\/04\/b53a4e0f-fc72-49ee-98a8-fe2f57bef5b0.__CR00970600_PT0_SX970_V1___-2.jpg\" class=\"attachment-full size-full wp-image-13799 wvs-archive-product-image\" alt=\"\" srcset=\"https:\/\/retailtreasure.shop\/wp-content\/uploads\/2026\/04\/b53a4e0f-fc72-49ee-98a8-fe2f57bef5b0.__CR00970600_PT0_SX970_V1___-2.jpg 970w, https:\/\/retailtreasure.shop\/wp-content\/uploads\/2026\/04\/b53a4e0f-fc72-49ee-98a8-fe2f57bef5b0.__CR00970600_PT0_SX970_V1___-2-300x186.jpg 300w, https:\/\/retailtreasure.shop\/wp-content\/uploads\/2026\/04\/b53a4e0f-fc72-49ee-98a8-fe2f57bef5b0.__CR00970600_PT0_SX970_V1___-2-768x475.jpg 768w, https:\/\/retailtreasure.shop\/wp-content\/uploads\/2026\/04\/b53a4e0f-fc72-49ee-98a8-fe2f57bef5b0.__CR00970600_PT0_SX970_V1___-2-18x12.jpg 18w, https:\/\/retailtreasure.shop\/wp-content\/uploads\/2026\/04\/b53a4e0f-fc72-49ee-98a8-fe2f57bef5b0.__CR00970600_PT0_SX970_V1___-2-600x371.jpg 600w, https:\/\/retailtreasure.shop\/wp-content\/uploads\/2026\/04\/b53a4e0f-fc72-49ee-98a8-fe2f57bef5b0.__CR00970600_PT0_SX970_V1___-2-1x1.jpg 1w, https:\/\/retailtreasure.shop\/wp-content\/uploads\/2026\/04\/b53a4e0f-fc72-49ee-98a8-fe2f57bef5b0.__CR00970600_PT0_SX970_V1___-2-10x6.jpg 10w\" sizes=\"auto, (max-width: 970px) 100vw, 970px\" \/>\t\t\t\t\t\t\t\t\t\t\t\t\t\t\t<\/div>\n\t\t\t\t<\/div>\n\t\t\t\t<div class=\"elementor-element elementor-element-63118b2f elementor-widget elementor-widget-image\" data-id=\"63118b2f\" data-element_type=\"widget\" data-settings=\"{&quot;ekit_we_effect_on&quot;:&quot;none&quot;}\" data-widget_type=\"image.default\">\n\t\t\t\t<div class=\"elementor-widget-container\">\n\t\t\t\t\t\t\t\t\t\t\t\t\t\t\t<img loading=\"lazy\" decoding=\"async\" width=\"970\" height=\"600\" src=\"https:\/\/retailtreasure.shop\/wp-content\/uploads\/2026\/04\/b1d54091-a4ce-4489-93ee-67443f3623b2.__CR00970600_PT0_SX970_V1___-1.jpg\" class=\"attachment-full size-full wp-image-13800 wvs-archive-product-image\" alt=\"\" srcset=\"https:\/\/retailtreasure.shop\/wp-content\/uploads\/2026\/04\/b1d54091-a4ce-4489-93ee-67443f3623b2.__CR00970600_PT0_SX970_V1___-1.jpg 970w, https:\/\/retailtreasure.shop\/wp-content\/uploads\/2026\/04\/b1d54091-a4ce-4489-93ee-67443f3623b2.__CR00970600_PT0_SX970_V1___-1-300x186.jpg 300w, https:\/\/retailtreasure.shop\/wp-content\/uploads\/2026\/04\/b1d54091-a4ce-4489-93ee-67443f3623b2.__CR00970600_PT0_SX970_V1___-1-768x475.jpg 768w, https:\/\/retailtreasure.shop\/wp-content\/uploads\/2026\/04\/b1d54091-a4ce-4489-93ee-67443f3623b2.__CR00970600_PT0_SX970_V1___-1-18x12.jpg 18w, https:\/\/retailtreasure.shop\/wp-content\/uploads\/2026\/04\/b1d54091-a4ce-4489-93ee-67443f3623b2.__CR00970600_PT0_SX970_V1___-1-600x371.jpg 600w, https:\/\/retailtreasure.shop\/wp-content\/uploads\/2026\/04\/b1d54091-a4ce-4489-93ee-67443f3623b2.__CR00970600_PT0_SX970_V1___-1-1x1.jpg 1w, https:\/\/retailtreasure.shop\/wp-content\/uploads\/2026\/04\/b1d54091-a4ce-4489-93ee-67443f3623b2.__CR00970600_PT0_SX970_V1___-1-10x6.jpg 10w\" sizes=\"auto, (max-width: 970px) 100vw, 970px\" \/>\t\t\t\t\t\t\t\t\t\t\t\t\t\t\t<\/div>\n\t\t\t\t<\/div>\n\t\t\t\t\t<\/div>\n\t\t\t\t<\/div>\n\t\t\t\t<\/div>","protected":false},"excerpt":{"rendered":"<p class=\"ds-markdown-paragraph\"><strong>Informaci\u00f3n sobre este art\u00edculo<\/strong><\/p>\n<p class=\"ds-markdown-paragraph\">\ud83c\udfae\u00a0<strong>M\u00e1s de 40.000 juegos retro y 23 emuladores integrados<\/strong><br \/>\nDisfruta de una enorme colecci\u00f3n de m\u00e1s de 40.000 juegos cl\u00e1sicos de las eras de 8 bits, 16 bits, arcade, consolas y los primeros gr\u00e1ficos 3D. Todos los juegos vienen preinstalados en una tarjeta TF de 64 GB: no se requieren descargas, suscripciones ni conexi\u00f3n a internet. Solo con\u00e9ctalo y empieza a jugar al instante.<\/p>\n<p class=\"ds-markdown-paragraph\">\ud83d\udcfa\u00a0<strong>Salida 4K HDMI para gaming retro moderno<\/strong><br \/>\nCompatible con salida HDMI 4K y una calidad de imagen fluida en 1080P que ofrece im\u00e1genes n\u00edtidas y colores vibrantes, conservando la esencia retro original. Funciona con televisores, monitores, proyectores y otras pantallas con entrada HDMI; ideal para revivir la nostalgia con calidad moderna.<\/p>","protected":false},"featured_media":13780,"comment_status":"open","ping_status":"closed","template":"","meta":{"_acf_changed":false},"etheme_brands":[],"product_brand":[],"product_cat":[127,118],"product_tag":[],"class_list":{"0":"post-13779","1":"product","2":"type-product","3":"status-publish","4":"has-post-thumbnail","6":"product_cat-dao","7":"product_cat-sale-shop","9":"first","10":"instock","11":"sale","12":"shipping-taxable","13":"purchasable","14":"product-type-simple"},"acf":[],"_links":{"self":[{"href":"https:\/\/retailtreasure.shop\/es\/wp-json\/wp\/v2\/product\/13779","targetHints":{"allow":["GET"]}}],"collection":[{"href":"https:\/\/retailtreasure.shop\/es\/wp-json\/wp\/v2\/product"}],"about":[{"href":"https:\/\/retailtreasure.shop\/es\/wp-json\/wp\/v2\/types\/product"}],"replies":[{"embeddable":true,"href":"https:\/\/retailtreasure.shop\/es\/wp-json\/wp\/v2\/comments?post=13779"}],"version-history":[{"count":4,"href":"https:\/\/retailtreasure.shop\/es\/wp-json\/wp\/v2\/product\/13779\/revisions"}],"predecessor-version":[{"id":13806,"href":"https:\/\/retailtreasure.shop\/es\/wp-json\/wp\/v2\/product\/13779\/revisions\/13806"}],"wp:featuredmedia":[{"embeddable":true,"href":"https:\/\/retailtreasure.shop\/es\/wp-json\/wp\/v2\/media\/13780"}],"wp:attachment":[{"href":"https:\/\/retailtreasure.shop\/es\/wp-json\/wp\/v2\/media?parent=13779"}],"wp:term":[{"taxonomy":"brand","embeddable":true,"href":"https:\/\/retailtreasure.shop\/es\/wp-json\/wp\/v2\/etheme_brands?post=13779"},{"taxonomy":"product_brand","embeddable":true,"href":"https:\/\/retailtreasure.shop\/es\/wp-json\/wp\/v2\/product_brand?post=13779"},{"taxonomy":"product_cat","embeddable":true,"href":"https:\/\/retailtreasure.shop\/es\/wp-json\/wp\/v2\/product_cat?post=13779"},{"taxonomy":"product_tag","embeddable":true,"href":"https:\/\/retailtreasure.shop\/es\/wp-json\/wp\/v2\/product_tag?post=13779"}],"curies":[{"name":"wp","href":"https:\/\/api.w.org\/{rel}","templated":true}]}}