{"id":13810,"date":"2026-04-10T06:38:05","date_gmt":"2026-04-10T06:38:05","guid":{"rendered":"https:\/\/retailtreasure.shop\/?post_type=product&#038;p=13810"},"modified":"2026-04-10T06:43:01","modified_gmt":"2026-04-10T06:43:01","slug":"nico-mini-jamon-serrano-curacion-minima-de-9-meses-seleccion-de-piezas-de-cerdo-natural-y-salazon","status":"publish","type":"product","link":"https:\/\/retailtreasure.shop\/es\/producto\/nico-mini-jamon-serrano-curacion-minima-de-9-meses-seleccion-de-piezas-de-cerdo-natural-y-salazon\/","title":{"rendered":"Nico MINI JAMON SERRANO Curaci\u00f3n M\u00ednima de 9 Meses Selecci\u00f3n de Piezas de Cerdo Natural y Salaz\u00f3n"},"content":{"rendered":"<div data-elementor-type=\"product-post\" data-elementor-id=\"13810\" class=\"elementor elementor-13810\" data-elementor-post-type=\"product\">\n\t\t\t\t<div class=\"elementor-element elementor-element-387c610c e-grid e-con-boxed e-con e-parent\" data-id=\"387c610c\" data-element_type=\"container\" data-settings=\"{&quot;ekit_has_onepagescroll_dot&quot;:&quot;yes&quot;}\">\n\t\t\t\t\t<div class=\"e-con-inner\">\n\t\t\t\t<div class=\"elementor-element elementor-element-23efd26b elementor-widget elementor-widget-video\" data-id=\"23efd26b\" data-element_type=\"widget\" data-settings=\"{&quot;video_type&quot;:&quot;hosted&quot;,&quot;controls&quot;:&quot;yes&quot;,&quot;ekit_we_effect_on&quot;:&quot;none&quot;}\" data-widget_type=\"video.default\">\n\t\t\t\t<div class=\"elementor-widget-container\">\n\t\t\t\t\t\t\t<div class=\"e-hosted-video elementor-wrapper elementor-open-inline\">\n\t\t\t\t\t<video class=\"elementor-video\" src=\"https:\/\/retailtreasure.shop\/wp-content\/uploads\/2026\/04\/video_2026-04-08_16-33-08.mp4\" controls=\"\" preload=\"metadata\" controlslist=\"nodownload\"><\/video>\n\t\t\t\t<\/div>\n\t\t\t\t\t\t<\/div>\n\t\t\t\t<\/div>\n\t\t\t\t<div class=\"elementor-element elementor-element-58e650c elementor-widget elementor-widget-text-editor\" data-id=\"58e650c\" data-element_type=\"widget\" data-settings=\"{&quot;ekit_we_effect_on&quot;:&quot;none&quot;}\" data-widget_type=\"text-editor.default\">\n\t\t\t\t<div class=\"elementor-widget-container\">\n\t\t\t\t\t\t\t\t\t<p><style>\n  * {<br \/>    margin: 0;<br \/>    padding: 0;<br \/>    box-sizing: border-box;<br \/>  }<br \/>  body {<br \/>    background: transparent;<br \/>    font-family: 'Inter', 'Segoe UI', system-ui, sans-serif;<br \/>  }<br \/>  .spec-table {<br \/>    width: 100%;<br \/>    border-collapse: collapse;<br \/>    font-size: 14px;<br \/>    line-height: 1.8;<br \/>  }<br \/>  .spec-table tr {<br \/>    border-bottom: 1px solid #e6eef7;<br \/>  }<br \/>  .spec-table td:nth-child(1),<br \/>  .spec-table td:nth-child(3) {<br \/>    width: 20%;<br \/>    font-weight: 500;<br \/>    color: #2d70b3;<br \/>    background: #f5f9ff;<br \/>    padding: 12px 14px;<br \/>    text-align: left;<br \/>    vertical-align: top;<br \/>  }<br \/>  .spec-table td:nth-child(2),<br \/>  .spec-table td:nth-child(4) {<br \/>    width: 30%;<br \/>    color: #333;<br \/>    background: #fff;<br \/>    padding: 12px 14px;<br \/>    text-align: left;<br \/>    vertical-align: top;<br \/>  }<br \/><\/style><\/p><table class=\"spec-table\"><tbody><tr><td>Marca<\/td><td>Nico<\/td><td>Producto<\/td><td>Mini Serrano Ham<\/td><\/tr><tr><td>Curing Time<\/td><td>Min. 9 Months<\/td><td>Quality<\/td><td>Selected Pork Cuts<\/td><\/tr><tr><td>Process<\/td><td>Natural Curing<\/td><td>Seasoning<\/td><td>Salting Only<\/td><\/tr><tr><td>Feature<\/td><td>Natural Ingredients<\/td><td>Tipo<\/td><td>Spanish Cured Ham<\/td><\/tr><\/tbody><\/table><p>\ud83e\udd53 Nico Mini Serrano Ham<br \/>Discover the authentic taste of Spain with Nico Mini Serrano Ham. Carefully selected from natural pork cuts and cured using only traditional salt-curing methods, offering a pure, delicate and well-balanced flavour in every slice.<\/p>\t\t\t\t\t\t\t\t<\/div>\n\t\t\t\t<\/div>\n\t\t\t\t\t<\/div>\n\t\t\t\t<\/div>\n\t\t<div class=\"elementor-element elementor-element-1f1a6e8 e-flex e-con-boxed e-con e-parent\" data-id=\"1f1a6e8\" data-element_type=\"container\" data-settings=\"{&quot;ekit_has_onepagescroll_dot&quot;:&quot;yes&quot;}\">\n\t\t\t\t\t<div class=\"e-con-inner\">\n\t\t\t\t<div class=\"elementor-element elementor-element-4a22dc58 elementor-widget elementor-widget-image\" data-id=\"4a22dc58\" data-element_type=\"widget\" data-settings=\"{&quot;ekit_we_effect_on&quot;:&quot;none&quot;}\" data-widget_type=\"image.default\">\n\t\t\t\t<div class=\"elementor-widget-container\">\n\t\t\t\t\t\t\t\t\t\t\t\t\t\t\t<img loading=\"lazy\" decoding=\"async\" width=\"800\" height=\"800\" src=\"https:\/\/retailtreasure.shop\/wp-content\/uploads\/2026\/04\/1-10.jpg\" class=\"attachment-full size-full wp-image-13818 wvs-archive-product-image\" alt=\"\" srcset=\"https:\/\/retailtreasure.shop\/wp-content\/uploads\/2026\/04\/1-10.jpg 800w, https:\/\/retailtreasure.shop\/wp-content\/uploads\/2026\/04\/1-10-300x300.jpg 300w, https:\/\/retailtreasure.shop\/wp-content\/uploads\/2026\/04\/1-10-150x150.jpg 150w, https:\/\/retailtreasure.shop\/wp-content\/uploads\/2026\/04\/1-10-768x768.jpg 768w, https:\/\/retailtreasure.shop\/wp-content\/uploads\/2026\/04\/1-10-12x12.jpg 12w, https:\/\/retailtreasure.shop\/wp-content\/uploads\/2026\/04\/1-10-600x600.jpg 600w, https:\/\/retailtreasure.shop\/wp-content\/uploads\/2026\/04\/1-10-100x100.jpg 100w, https:\/\/retailtreasure.shop\/wp-content\/uploads\/2026\/04\/1-10-50x50.jpg 50w, https:\/\/retailtreasure.shop\/wp-content\/uploads\/2026\/04\/1-10-1x1.jpg 1w, https:\/\/retailtreasure.shop\/wp-content\/uploads\/2026\/04\/1-10-10x10.jpg 10w\" sizes=\"auto, (max-width: 800px) 100vw, 800px\" \/>\t\t\t\t\t\t\t\t\t\t\t\t\t\t\t<\/div>\n\t\t\t\t<\/div>\n\t\t\t\t<div class=\"elementor-element elementor-element-e4076f1 elementor-widget elementor-widget-image\" data-id=\"e4076f1\" data-element_type=\"widget\" data-settings=\"{&quot;ekit_we_effect_on&quot;:&quot;none&quot;}\" data-widget_type=\"image.default\">\n\t\t\t\t<div class=\"elementor-widget-container\">\n\t\t\t\t\t\t\t\t\t\t\t\t\t\t\t<img loading=\"lazy\" decoding=\"async\" width=\"756\" height=\"900\" src=\"https:\/\/retailtreasure.shop\/wp-content\/uploads\/2026\/04\/71rtMMLRy0L-1.jpg\" class=\"attachment-full size-full wp-image-13819 wvs-archive-product-image\" alt=\"\" srcset=\"https:\/\/retailtreasure.shop\/wp-content\/uploads\/2026\/04\/71rtMMLRy0L-1.jpg 756w, https:\/\/retailtreasure.shop\/wp-content\/uploads\/2026\/04\/71rtMMLRy0L-1-252x300.jpg 252w, https:\/\/retailtreasure.shop\/wp-content\/uploads\/2026\/04\/71rtMMLRy0L-1-10x12.jpg 10w, https:\/\/retailtreasure.shop\/wp-content\/uploads\/2026\/04\/71rtMMLRy0L-1-600x714.jpg 600w, https:\/\/retailtreasure.shop\/wp-content\/uploads\/2026\/04\/71rtMMLRy0L-1-1x1.jpg 1w, https:\/\/retailtreasure.shop\/wp-content\/uploads\/2026\/04\/71rtMMLRy0L-1-8x10.jpg 8w\" sizes=\"auto, (max-width: 756px) 100vw, 756px\" \/>\t\t\t\t\t\t\t\t\t\t\t\t\t\t\t<\/div>\n\t\t\t\t<\/div>\n\t\t\t\t<div class=\"elementor-element elementor-element-4de1438f elementor-widget elementor-widget-image\" data-id=\"4de1438f\" data-element_type=\"widget\" data-settings=\"{&quot;ekit_we_effect_on&quot;:&quot;none&quot;}\" data-widget_type=\"image.default\">\n\t\t\t\t<div class=\"elementor-widget-container\">\n\t\t\t\t\t\t\t\t\t\t\t\t\t\t\t<img loading=\"lazy\" decoding=\"async\" width=\"1500\" height=\"875\" src=\"https:\/\/retailtreasure.shop\/wp-content\/uploads\/2026\/04\/61o0yDueu7L._SL1500_-1.jpg\" class=\"attachment-full size-full wp-image-13820 wvs-archive-product-image\" alt=\"\" srcset=\"https:\/\/retailtreasure.shop\/wp-content\/uploads\/2026\/04\/61o0yDueu7L._SL1500_-1.jpg 1500w, https:\/\/retailtreasure.shop\/wp-content\/uploads\/2026\/04\/61o0yDueu7L._SL1500_-1-300x175.jpg 300w, https:\/\/retailtreasure.shop\/wp-content\/uploads\/2026\/04\/61o0yDueu7L._SL1500_-1-1024x597.jpg 1024w, https:\/\/retailtreasure.shop\/wp-content\/uploads\/2026\/04\/61o0yDueu7L._SL1500_-1-768x448.jpg 768w, https:\/\/retailtreasure.shop\/wp-content\/uploads\/2026\/04\/61o0yDueu7L._SL1500_-1-18x12.jpg 18w, https:\/\/retailtreasure.shop\/wp-content\/uploads\/2026\/04\/61o0yDueu7L._SL1500_-1-600x350.jpg 600w, https:\/\/retailtreasure.shop\/wp-content\/uploads\/2026\/04\/61o0yDueu7L._SL1500_-1-1x1.jpg 1w, https:\/\/retailtreasure.shop\/wp-content\/uploads\/2026\/04\/61o0yDueu7L._SL1500_-1-10x6.jpg 10w\" sizes=\"auto, (max-width: 1500px) 100vw, 1500px\" \/>\t\t\t\t\t\t\t\t\t\t\t\t\t\t\t<\/div>\n\t\t\t\t<\/div>\n\t\t<div class=\"elementor-element elementor-element-2aee1a20 e-grid e-con-full e-con e-child\" data-id=\"2aee1a20\" data-element_type=\"container\" data-settings=\"{&quot;ekit_has_onepagescroll_dot&quot;:&quot;yes&quot;}\">\n\t\t\t\t<div class=\"elementor-element elementor-element-44b1567d elementor-widget elementor-widget-image\" data-id=\"44b1567d\" data-element_type=\"widget\" data-settings=\"{&quot;ekit_we_effect_on&quot;:&quot;none&quot;}\" data-widget_type=\"image.default\">\n\t\t\t\t<div class=\"elementor-widget-container\">\n\t\t\t\t\t\t\t\t\t\t\t\t\t\t\t<img loading=\"lazy\" decoding=\"async\" width=\"1500\" height=\"998\" src=\"https:\/\/retailtreasure.shop\/wp-content\/uploads\/2026\/04\/71hL4GmvlML._SL1500_-1.jpg\" class=\"attachment-full size-full wp-image-13821 wvs-archive-product-image\" alt=\"\" srcset=\"https:\/\/retailtreasure.shop\/wp-content\/uploads\/2026\/04\/71hL4GmvlML._SL1500_-1.jpg 1500w, https:\/\/retailtreasure.shop\/wp-content\/uploads\/2026\/04\/71hL4GmvlML._SL1500_-1-300x200.jpg 300w, https:\/\/retailtreasure.shop\/wp-content\/uploads\/2026\/04\/71hL4GmvlML._SL1500_-1-1024x681.jpg 1024w, https:\/\/retailtreasure.shop\/wp-content\/uploads\/2026\/04\/71hL4GmvlML._SL1500_-1-768x511.jpg 768w, https:\/\/retailtreasure.shop\/wp-content\/uploads\/2026\/04\/71hL4GmvlML._SL1500_-1-18x12.jpg 18w, https:\/\/retailtreasure.shop\/wp-content\/uploads\/2026\/04\/71hL4GmvlML._SL1500_-1-600x399.jpg 600w, https:\/\/retailtreasure.shop\/wp-content\/uploads\/2026\/04\/71hL4GmvlML._SL1500_-1-1x1.jpg 1w, https:\/\/retailtreasure.shop\/wp-content\/uploads\/2026\/04\/71hL4GmvlML._SL1500_-1-10x7.jpg 10w\" sizes=\"auto, (max-width: 1500px) 100vw, 1500px\" \/>\t\t\t\t\t\t\t\t\t\t\t\t\t\t\t<\/div>\n\t\t\t\t<\/div>\n\t\t\t\t<div class=\"elementor-element elementor-element-204967d7 elementor-widget elementor-widget-image\" data-id=\"204967d7\" data-element_type=\"widget\" data-settings=\"{&quot;ekit_we_effect_on&quot;:&quot;none&quot;}\" data-widget_type=\"image.default\">\n\t\t\t\t<div class=\"elementor-widget-container\">\n\t\t\t\t\t\t\t\t\t\t\t\t\t\t\t<img loading=\"lazy\" decoding=\"async\" width=\"300\" height=\"300\" src=\"https:\/\/retailtreasure.shop\/wp-content\/uploads\/2026\/04\/1d43a475-3a99-4627-bb4e-00532f9ba550.__CR1950816816_PT0_SX300_V1___.jpg\" class=\"attachment-full size-full wp-image-13822 wvs-archive-product-image\" alt=\"\" srcset=\"https:\/\/retailtreasure.shop\/wp-content\/uploads\/2026\/04\/1d43a475-3a99-4627-bb4e-00532f9ba550.__CR1950816816_PT0_SX300_V1___.jpg 300w, https:\/\/retailtreasure.shop\/wp-content\/uploads\/2026\/04\/1d43a475-3a99-4627-bb4e-00532f9ba550.__CR1950816816_PT0_SX300_V1___-150x150.jpg 150w, https:\/\/retailtreasure.shop\/wp-content\/uploads\/2026\/04\/1d43a475-3a99-4627-bb4e-00532f9ba550.__CR1950816816_PT0_SX300_V1___-12x12.jpg 12w, https:\/\/retailtreasure.shop\/wp-content\/uploads\/2026\/04\/1d43a475-3a99-4627-bb4e-00532f9ba550.__CR1950816816_PT0_SX300_V1___-100x100.jpg 100w, https:\/\/retailtreasure.shop\/wp-content\/uploads\/2026\/04\/1d43a475-3a99-4627-bb4e-00532f9ba550.__CR1950816816_PT0_SX300_V1___-50x50.jpg 50w, https:\/\/retailtreasure.shop\/wp-content\/uploads\/2026\/04\/1d43a475-3a99-4627-bb4e-00532f9ba550.__CR1950816816_PT0_SX300_V1___-1x1.jpg 1w, https:\/\/retailtreasure.shop\/wp-content\/uploads\/2026\/04\/1d43a475-3a99-4627-bb4e-00532f9ba550.__CR1950816816_PT0_SX300_V1___-10x10.jpg 10w\" sizes=\"auto, (max-width: 300px) 100vw, 300px\" \/>\t\t\t\t\t\t\t\t\t\t\t\t\t\t\t<\/div>\n\t\t\t\t<\/div>\n\t\t\t\t<\/div>\n\t\t\t\t<div class=\"elementor-element elementor-element-641db0ad elementor-widget elementor-widget-text-editor\" data-id=\"641db0ad\" data-element_type=\"widget\" data-settings=\"{&quot;ekit_we_effect_on&quot;:&quot;none&quot;}\" data-widget_type=\"text-editor.default\">\n\t\t\t\t<div class=\"elementor-widget-container\">\n\t\t\t\t\t\t\t\t\t<h3>\u23f3 Minimum 9-Month Natural Curing<\/h3><div>\u00a0<\/div><div>This mini Serrano ham undergoes a slow curing process of <strong>at least 9 months<\/strong>, allowing the flavours to mature gently and develop the characteristic smooth, savoury taste of premium Serrano ham.<\/div><div>\u00a0<\/div><h3>\ud83e\uddc2 Traditional Salting &amp; Natural Quality<\/h3><div>\u00a0<\/div><div>Made with simple, natural ingredients: selected pork pieces and traditional salting, with no artificial additives. The natural curing process preserves the genuine texture and aroma of high-quality Spanish ham.<\/div><h3>\u00a0<\/h3><h3>\ud83c\udfaf Convenient Mini Format for Every Occasion<\/h3><div>\u00a0<\/div><div>The compact mini size is perfect for tapas, snacks, sandwiches, salads and quick appetizers. Easy to serve and enjoy, bringing the true premium flavour of Serrano ham to your daily meals.<\/div>\t\t\t\t\t\t\t\t<\/div>\n\t\t\t\t<\/div>\n\t\t\t\t\t<\/div>\n\t\t\t\t<\/div>\n\t\t\t\t<\/div>","protected":false},"excerpt":{"rendered":"<p>https:\/\/retailtreasure.shop\/wp-content\/uploads\/2026\/04\/video_2026-04-08_16-33-08.mp4 Brand Nico Product Mini Serrano Ham Curing Time Min. 9 Months Quality Selected Pork Cuts Process Natural Curing Seasoning&#8230;<\/p>","protected":false},"featured_media":13811,"comment_status":"open","ping_status":"closed","template":"","meta":{"_acf_changed":false},"etheme_brands":[],"product_brand":[],"product_cat":[118],"product_tag":[],"class_list":{"0":"post-13810","1":"product","2":"type-product","3":"status-publish","4":"has-post-thumbnail","6":"product_cat-sale-shop","8":"first","9":"instock","10":"sale","11":"shipping-taxable","12":"purchasable","13":"product-type-simple"},"acf":[],"_links":{"self":[{"href":"https:\/\/retailtreasure.shop\/es\/wp-json\/wp\/v2\/product\/13810","targetHints":{"allow":["GET"]}}],"collection":[{"href":"https:\/\/retailtreasure.shop\/es\/wp-json\/wp\/v2\/product"}],"about":[{"href":"https:\/\/retailtreasure.shop\/es\/wp-json\/wp\/v2\/types\/product"}],"replies":[{"embeddable":true,"href":"https:\/\/retailtreasure.shop\/es\/wp-json\/wp\/v2\/comments?post=13810"}],"version-history":[{"count":4,"href":"https:\/\/retailtreasure.shop\/es\/wp-json\/wp\/v2\/product\/13810\/revisions"}],"predecessor-version":[{"id":13830,"href":"https:\/\/retailtreasure.shop\/es\/wp-json\/wp\/v2\/product\/13810\/revisions\/13830"}],"wp:featuredmedia":[{"embeddable":true,"href":"https:\/\/retailtreasure.shop\/es\/wp-json\/wp\/v2\/media\/13811"}],"wp:attachment":[{"href":"https:\/\/retailtreasure.shop\/es\/wp-json\/wp\/v2\/media?parent=13810"}],"wp:term":[{"taxonomy":"brand","embeddable":true,"href":"https:\/\/retailtreasure.shop\/es\/wp-json\/wp\/v2\/etheme_brands?post=13810"},{"taxonomy":"product_brand","embeddable":true,"href":"https:\/\/retailtreasure.shop\/es\/wp-json\/wp\/v2\/product_brand?post=13810"},{"taxonomy":"product_cat","embeddable":true,"href":"https:\/\/retailtreasure.shop\/es\/wp-json\/wp\/v2\/product_cat?post=13810"},{"taxonomy":"product_tag","embeddable":true,"href":"https:\/\/retailtreasure.shop\/es\/wp-json\/wp\/v2\/product_tag?post=13810"}],"curies":[{"name":"wp","href":"https:\/\/api.w.org\/{rel}","templated":true}]}}